{"id":20,"date":"2013-04-01T17:04:16","date_gmt":"2013-04-01T16:04:16","guid":{"rendered":"http:\/\/sax-georg.de\/?page_id=20"},"modified":"2013-04-04T16:01:29","modified_gmt":"2013-04-04T15:01:29","slug":"uber-mich","status":"publish","type":"page","link":"https:\/\/sax-georg.de\/?page_id=20","title":{"rendered":"\u00dcber mich"},"content":{"rendered":"<p>Vor fast 30 Jahren habe ich mit dem Spielen von Musikinstrumenten angefangen. Anfangs waren die Finger noch zu klein, um mein Lieblingsinstrument &#8211; das Saxophon &#8211; zu erlernen. Die Fl\u00f6te erwies sich als passender Zwischenschritt und sie ist bis heute immer wieder gern bei mir eingesetzt. Das Saxophon kam dazu, als ich 12 Jahre alt war und ist bis heute mein st\u00e4ndiger Begleiter. Unz\u00e4hlige Formationen vom Duo mit Klavier, Jazz-Combos, Rockbands, Blasorchester und besonders gern Bigbands haben meinen musikalischen Weg gezeichnet. <\/p>\n<p>Als neues Projekt startet 2013 der Einsatz als allein auftretender Live-Saxophonist, begleitet von professionell arrangierten und eingespielten Play-Alongs. Das Programm ist sehr umfangreich und wird st\u00e4ndig erweitert. Wegen der gro\u00dfen stilistischen Bandbreite passe ich zu allen Firmenfeiern, Hochzeiten, Ausstellungser\u00f6ffnungen, Empf\u00e4ngen und Pr\u00e4sentationen. Durch den Einsatz verschiedener Saxophone und gelegentlich auch der Fl\u00f6te entsteht eine interessante Mischung unterschiedlicher Sounds. Als allein spielender Saxophonist habe ich f\u00fcr meine Auftraggeber einige Vorteile: der Platzbedarf ist gering, Terminabsprachen sind nur mit mir n\u00f6tig und Budgets werden nicht \u00fcberstrapaziert. Zudem kommt der Klang des Saxophons beim Publikum immer sehr gut an und erzeugt zufrieden l\u00e4chelnde Gesichter &#8211; das optimale Instrument f\u00fcr Ihre G\u00e4ste!<\/p>\n<p>Nach wie vor spiele ich auch gern in gr\u00f6\u00dferen Besetzungen oder helfe f\u00fcr Saxophonkollegen in deren Bands aus. \u00dcber Anfragen als Solo-Saxophonist oder in Begleitung meiner Musikerkollegen nurtzen Sie bitte mein <a href=\"https:\/\/sax-georg.de\/?page_id=14\" title=\"Kontaktformular\">Kontaktformular<\/a> oder rufen einfach direkt an.<\/p>\n","protected":false},"excerpt":{"rendered":"<p>Vor fast 30 Jahren habe ich mit dem Spielen von Musikinstrumenten angefangen. Anfangs waren die Finger noch zu klein, um mein Lieblingsinstrument &#8211; das Saxophon &#8211; zu erlernen. Die Fl\u00f6te erwies sich als passender Zwischenschritt und sie ist bis heute &hellip; <a href=\"https:\/\/sax-georg.de\/?page_id=20\">Weiterlesen &rarr;<\/a><\/p>\n","protected":false},"author":1,"featured_media":0,"parent":0,"menu_order":0,"comment_status":"closed","ping_status":"closed","template":"","meta":{"jetpack_post_was_ever_published":false},"jetpack_shortlink":"https:\/\/wp.me\/P3ldp2-k","jetpack_sharing_enabled":true,"_links":{"self":[{"href":"https:\/\/sax-georg.de\/index.php?rest_route=\/wp\/v2\/pages\/20"}],"collection":[{"href":"https:\/\/sax-georg.de\/index.php?rest_route=\/wp\/v2\/pages"}],"about":[{"href":"https:\/\/sax-georg.de\/index.php?rest_route=\/wp\/v2\/types\/page"}],"author":[{"embeddable":true,"href":"https:\/\/sax-georg.de\/index.php?rest_route=\/wp\/v2\/users\/1"}],"replies":[{"embeddable":true,"href":"https:\/\/sax-georg.de\/index.php?rest_route=%2Fwp%2Fv2%2Fcomments&post=20"}],"version-history":[{"count":5,"href":"https:\/\/sax-georg.de\/index.php?rest_route=\/wp\/v2\/pages\/20\/revisions"}],"predecessor-version":[{"id":43,"href":"https:\/\/sax-georg.de\/index.php?rest_route=\/wp\/v2\/pages\/20\/revisions\/43"}],"wp:attachment":[{"href":"https:\/\/sax-georg.de\/index.php?rest_route=%2Fwp%2Fv2%2Fmedia&parent=20"}],"curies":[{"name":"wp","href":"https:\/\/api.w.org\/{rel}","templated":true}]}}