{"id":79,"date":"2013-06-10T08:16:01","date_gmt":"2013-06-10T07:16:01","guid":{"rendered":"http:\/\/sax-georg.de\/?page_id=79"},"modified":"2013-06-10T23:36:19","modified_gmt":"2013-06-10T22:36:19","slug":"technik","status":"publish","type":"page","link":"https:\/\/sax-georg.de\/?page_id=79","title":{"rendered":"Technik"},"content":{"rendered":"<p>Weil ich allein spiele, ist der technische Aufwand f\u00fcr Veranstalter sehr gering. Es gen\u00fcgt, an der B\u00fchne eine Steckdose (220V, 16A) einzurichten.<\/p>\n<p>Die B\u00fchnengr\u00f6\u00dfe kann auch klein sein &#8211; eine Fl\u00e4che von 2 mal 2 Metern reicht bereits. Nat\u00fcrlich sind auch gr\u00f6\u00dfere B\u00fchnen kein Problem und wir finden auch in den kleinsten und ausgefallensten Veranstaltungslokalit\u00e4ten eine L\u00f6sung.<\/p>\n<p>Die Audio- und Lichttechnik bringe ich selbst mit. Bei Gro\u00dfveranstaltungen bzw. gr\u00f6\u00dferen Lokalit\u00e4ten (Einkaufscenter etc.) ist es ratsam, das komplette Signal auf die meist bauseits vorhandenen Lautsprechersysteme aufzuschalten. Dazu stelle ich einen Stereo-Summen-Ausgang zur Verf\u00fcgung.<\/p>\n<p>Sind Sonderw\u00fcnsche seitens der Veranstalter\/G\u00e4ste gew\u00fcnscht, wie beispielsweise Videoprojektionen, mobile Funkmikros etc. kann ich mich gern darum k\u00fcmmern. Eine kurze <a title=\"Booking &amp; Kontakt\" href=\"https:\/\/sax-georg.de\/?page_id=14\">Mail<\/a> oder ein Anruf gen\u00fcgt.<\/p>\n","protected":false},"excerpt":{"rendered":"<p>Weil ich allein spiele, ist der technische Aufwand f\u00fcr Veranstalter sehr gering. Es gen\u00fcgt, an der B\u00fchne eine Steckdose (220V, 16A) einzurichten. Die B\u00fchnengr\u00f6\u00dfe kann auch klein sein &#8211; eine Fl\u00e4che von 2 mal 2 Metern reicht bereits. Nat\u00fcrlich sind &hellip; <a href=\"https:\/\/sax-georg.de\/?page_id=79\">Weiterlesen &rarr;<\/a><\/p>\n","protected":false},"author":1,"featured_media":0,"parent":0,"menu_order":0,"comment_status":"closed","ping_status":"closed","template":"","meta":{"jetpack_post_was_ever_published":false},"jetpack_shortlink":"https:\/\/wp.me\/P3ldp2-1h","jetpack_sharing_enabled":false,"_links":{"self":[{"href":"https:\/\/sax-georg.de\/index.php?rest_route=\/wp\/v2\/pages\/79"}],"collection":[{"href":"https:\/\/sax-georg.de\/index.php?rest_route=\/wp\/v2\/pages"}],"about":[{"href":"https:\/\/sax-georg.de\/index.php?rest_route=\/wp\/v2\/types\/page"}],"author":[{"embeddable":true,"href":"https:\/\/sax-georg.de\/index.php?rest_route=\/wp\/v2\/users\/1"}],"replies":[{"embeddable":true,"href":"https:\/\/sax-georg.de\/index.php?rest_route=%2Fwp%2Fv2%2Fcomments&post=79"}],"version-history":[{"count":6,"href":"https:\/\/sax-georg.de\/index.php?rest_route=\/wp\/v2\/pages\/79\/revisions"}],"predecessor-version":[{"id":105,"href":"https:\/\/sax-georg.de\/index.php?rest_route=\/wp\/v2\/pages\/79\/revisions\/105"}],"wp:attachment":[{"href":"https:\/\/sax-georg.de\/index.php?rest_route=%2Fwp%2Fv2%2Fmedia&parent=79"}],"curies":[{"name":"wp","href":"https:\/\/api.w.org\/{rel}","templated":true}]}}